{"id":108,"date":"2023-10-25T09:20:10","date_gmt":"2023-10-25T09:20:10","guid":{"rendered":"https:\/\/ranchorutadelkko.nl\/?page_id=108"},"modified":"2024-05-30T16:55:14","modified_gmt":"2024-05-30T15:55:14","slug":"de-plantage","status":"publish","type":"page","link":"https:\/\/ranchorutadelkko.nl\/es\/de-plantage\/","title":{"rendered":"La plantaci\u00f3n"},"content":{"rendered":"<div data-elementor-type=\"wp-page\" data-elementor-id=\"108\" class=\"elementor elementor-108\" data-elementor-post-type=\"page\">\n\t\t\t\t\t\t<section class=\"elementor-section elementor-top-section elementor-element elementor-element-32f54e76 elementor-section-full_width elementor-section-height-default elementor-section-height-default\" data-id=\"32f54e76\" data-element_type=\"section\" data-e-type=\"section\" data-settings=\"{&quot;background_background&quot;:&quot;classic&quot;}\">\n\t\t\t\t\t\t\t<div class=\"elementor-background-overlay\"><\/div>\n\t\t\t\t\t\t\t<div class=\"elementor-container elementor-column-gap-no\">\n\t\t\t\t\t<div class=\"elementor-column elementor-col-100 elementor-top-column elementor-element elementor-element-249528d1\" data-id=\"249528d1\" data-element_type=\"column\" data-e-type=\"column\">\n\t\t\t<div class=\"elementor-widget-wrap elementor-element-populated\">\n\t\t\t\t\t\t<section class=\"elementor-section elementor-inner-section elementor-element elementor-element-1c7ed6fa elementor-section-boxed elementor-section-height-default elementor-section-height-default\" data-id=\"1c7ed6fa\" data-element_type=\"section\" data-e-type=\"section\" data-settings=\"{&quot;background_background&quot;:&quot;classic&quot;,&quot;shape_divider_bottom&quot;:&quot;mountains&quot;}\">\n\t\t\t\t\t\t\t<div class=\"elementor-background-overlay\"><\/div>\n\t\t\t\t\t\t<div class=\"elementor-shape elementor-shape-bottom\" aria-hidden=\"true\" data-negative=\"false\">\n\t\t\t<svg xmlns=\"http:\/\/www.w3.org\/2000\/svg\" viewbox=\"0 0 1000 100\" preserveaspectratio=\"none\">\n\t<path class=\"elementor-shape-fill\" opacity=\"0.33\" d=\"M473,67.3c-203.9,88.3-263.1-34-320.3,0C66,119.1,0,59.7,0,59.7V0h1000v59.7 c0,0-62.1,26.1-94.9,29.3c-32.8,3.3-62.8-12.3-75.8-22.1C806,49.6,745.3,8.7,694.9,4.7S492.4,59,473,67.3z\"\/>\n\t<path class=\"elementor-shape-fill\" opacity=\"0.66\" d=\"M734,67.3c-45.5,0-77.2-23.2-129.1-39.1c-28.6-8.7-150.3-10.1-254,39.1 s-91.7-34.4-149.2,0C115.7,118.3,0,39.8,0,39.8V0h1000v36.5c0,0-28.2-18.5-92.1-18.5C810.2,18.1,775.7,67.3,734,67.3z\"\/>\n\t<path class=\"elementor-shape-fill\" d=\"M766.1,28.9c-200-57.5-266,65.5-395.1,19.5C242,1.8,242,5.4,184.8,20.6C128,35.8,132.3,44.9,89.9,52.5C28.6,63.7,0,0,0,0 h1000c0,0-9.9,40.9-83.6,48.1S829.6,47,766.1,28.9z\"\/>\n<\/svg>\t\t<\/div>\n\t\t\t\t\t<div class=\"elementor-container elementor-column-gap-default\">\n\t\t\t\t\t<div class=\"elementor-column elementor-col-100 elementor-inner-column elementor-element elementor-element-663e72f4\" data-id=\"663e72f4\" data-element_type=\"column\" data-e-type=\"column\">\n\t\t\t<div class=\"elementor-widget-wrap elementor-element-populated\">\n\t\t\t\t\t\t<div class=\"elementor-element elementor-element-5c9239b6 elementor-widget elementor-widget-heading\" data-id=\"5c9239b6\" data-element_type=\"widget\" data-e-type=\"widget\" data-widget_type=\"heading.default\">\n\t\t\t\t<div class=\"elementor-widget-container\">\n\t\t\t\t\t<h1 class=\"elementor-heading-title elementor-size-default\">La plantaci\u00f3n<\/h1>\t\t\t\t<\/div>\n\t\t\t\t<\/div>\n\t\t\t\t\t<\/div>\n\t\t<\/div>\n\t\t\t\t\t<\/div>\n\t\t<\/section>\n\t\t\t\t\t<\/div>\n\t\t<\/div>\n\t\t\t\t\t<\/div>\n\t\t<\/section>\n\t\t\t\t<section class=\"elementor-section elementor-top-section elementor-element elementor-element-2ae0ad83 elementor-section-content-middle elementor-section-boxed elementor-section-height-default elementor-section-height-default\" data-id=\"2ae0ad83\" data-element_type=\"section\" data-e-type=\"section\" data-settings=\"{&quot;background_background&quot;:&quot;classic&quot;}\">\n\t\t\t\t\t\t<div class=\"elementor-container elementor-column-gap-default\">\n\t\t\t\t\t<div class=\"elementor-column elementor-col-50 elementor-top-column elementor-element elementor-element-7d9f9b58\" data-id=\"7d9f9b58\" data-element_type=\"column\" data-e-type=\"column\">\n\t\t\t<div class=\"elementor-widget-wrap elementor-element-populated\">\n\t\t\t\t\t\t<div class=\"elementor-element elementor-element-101e320 elementor-widget elementor-widget-heading\" data-id=\"101e320\" data-element_type=\"widget\" data-e-type=\"widget\" data-widget_type=\"heading.default\">\n\t\t\t\t<div class=\"elementor-widget-container\">\n\t\t\t\t\t<h6 class=\"elementor-heading-title elementor-size-default\">Plantaci\u00f3n<\/h6>\t\t\t\t<\/div>\n\t\t\t\t<\/div>\n\t\t\t\t<div class=\"elementor-element elementor-element-70effa10 elementor-widget elementor-widget-heading\" data-id=\"70effa10\" data-element_type=\"widget\" data-e-type=\"widget\" data-widget_type=\"heading.default\">\n\t\t\t\t<div class=\"elementor-widget-container\">\n\t\t\t\t\t<h2 class=\"elementor-heading-title elementor-size-default\">Una excursi\u00f3n a nuestra plantaci\u00f3n de cacao<\/h2>\t\t\t\t<\/div>\n\t\t\t\t<\/div>\n\t\t\t\t<div class=\"elementor-element elementor-element-7c542a4 premium-unfold-btn-inside elementor-widget elementor-widget-premium-unfold-addon\" data-id=\"7c542a4\" data-element_type=\"widget\" data-e-type=\"widget\" data-settings=\"{&quot;premium_unfold_button_fold_text&quot;:&quot;Meer&quot;,&quot;premium_unfold_button_unfold_text&quot;:&quot;Minder&quot;,&quot;premium_unfold_fold_height&quot;:40,&quot;premium_unfold_fold_dur_select&quot;:&quot;slow&quot;,&quot;premium_unfold_unfold_dur_select&quot;:&quot;slow&quot;,&quot;premium_unfold_fold_height_mobile&quot;:40,&quot;premium_unfold_fold_height_select&quot;:&quot;percent&quot;,&quot;premium_unfold_fold_easing&quot;:&quot;swing&quot;,&quot;premium_unfold_unfold_easing&quot;:&quot;swing&quot;}\" data-widget_type=\"premium-unfold-addon.default\">\n\t\t\t\t<div class=\"elementor-widget-container\">\n\t\t\t\t\t\r\n\t\t<div class='premium-unfold-container'>\r\n\t\t\t<div class='premium-unfold-folder'>\r\n\t\t\t\t\r\n\t\t\t\t<div id=\"premium-unfold-content-7c542a4\" class=\"premium-unfold-content toggled\">\r\n\t\t\t\t\t<div class=\"premium-unfold-content-wrap\">\r\n\t\t\t\t\t\t\t\t\t\t\t\t\t<div dir=\"auto\">Para realizar nuestra excursi\u00f3n en buggy todoterreno en la Rep\u00fablica Dominicana, tomamos la decisi\u00f3n de crear una peque\u00f1a empresa de turismo Rancho Ruta del KKO. Empezamos a buscar un lugar adecuado, para construir nuestro Rancho. Un d\u00eda lleg\u00f3 el momento, una plantaci\u00f3n de cacao de 4,5 hect\u00e1reas se puso a la venta. La plantaci\u00f3n era muy variada y bonita. Nuestra primera impresi\u00f3n fue, demasiado grande, pero despu\u00e9s de ver todas las posibilidades de este pedazo de para\u00edso unas cuantas veces, decidimos comprarlo de todos modos. La raz\u00f3n era que la plantaci\u00f3n, de 15 a\u00f1os de antig\u00fcedad, hab\u00eda sido plantada por el anterior propietario a la manera antigua, digamos tradicional.<\/div>\t\t\t\t\t\t\t\t\t\t\t\t<\/div>\r\n\t\t\t\t<\/div>\r\n\t\t\t\t\t\t\t\t<div id=\"premium-unfold-gradient-7c542a4\" class=\"premium-unfold-gradient toggled\"><\/div>\r\n\t\t\t\t\t\t\t<\/div>\r\n\t\t\t\t<a class=\"premium-button premium-btn-sm\" href=\"javascript:;\">\r\n\t\t\t\t\t<span class=\"premium-unfold-button-text\"><\/span>\r\n\t\t\t\t<\/a>\r\n\t\t\t\t<\/div>\r\n\t\t\r\n\t\t\t\t\t\t\t\t<\/div>\n\t\t\t\t<\/div>\n\t\t\t\t\t<\/div>\n\t\t<\/div>\n\t\t\t\t<div class=\"elementor-column elementor-col-50 elementor-top-column elementor-element elementor-element-1e827023\" data-id=\"1e827023\" data-element_type=\"column\" data-e-type=\"column\">\n\t\t\t<div class=\"elementor-widget-wrap elementor-element-populated\">\n\t\t\t\t\t\t<div class=\"elementor-element elementor-element-36a6563d e-transform elementor-widget elementor-widget-image\" data-id=\"36a6563d\" data-element_type=\"widget\" data-e-type=\"widget\" data-settings=\"{&quot;_transform_rotateZ_effect&quot;:{&quot;unit&quot;:&quot;px&quot;,&quot;size&quot;:2,&quot;sizes&quot;:[]},&quot;_transform_rotateZ_effect_tablet&quot;:{&quot;unit&quot;:&quot;deg&quot;,&quot;size&quot;:&quot;&quot;,&quot;sizes&quot;:[]},&quot;_transform_rotateZ_effect_mobile&quot;:{&quot;unit&quot;:&quot;deg&quot;,&quot;size&quot;:&quot;&quot;,&quot;sizes&quot;:[]}}\" data-widget_type=\"image.default\">\n\t\t\t\t<div class=\"elementor-widget-container\">\n\t\t\t\t\t\t\t\t\t\t\t\t\t\t\t<img fetchpriority=\"high\" decoding=\"async\" width=\"1180\" height=\"2560\" src=\"https:\/\/ranchorutadelkko.nl\/wp-content\/uploads\/2024\/05\/20220831_112959-scaled.jpg\" class=\"attachment-full size-full wp-image-387\" alt=\"\" srcset=\"https:\/\/ranchorutadelkko.nl\/wp-content\/uploads\/2024\/05\/20220831_112959-scaled.jpg 1180w, https:\/\/ranchorutadelkko.nl\/wp-content\/uploads\/2024\/05\/20220831_112959-138x300.jpg 138w, https:\/\/ranchorutadelkko.nl\/wp-content\/uploads\/2024\/05\/20220831_112959-472x1024.jpg 472w, https:\/\/ranchorutadelkko.nl\/wp-content\/uploads\/2024\/05\/20220831_112959-768x1666.jpg 768w, https:\/\/ranchorutadelkko.nl\/wp-content\/uploads\/2024\/05\/20220831_112959-708x1536.jpg 708w, https:\/\/ranchorutadelkko.nl\/wp-content\/uploads\/2024\/05\/20220831_112959-944x2048.jpg 944w\" sizes=\"(max-width: 1180px) 100vw, 1180px\" \/>\t\t\t\t\t\t\t\t\t\t\t\t\t\t\t<\/div>\n\t\t\t\t<\/div>\n\t\t\t\t<div class=\"elementor-element elementor-element-48e2a930 elementor-widget__width-initial elementor-absolute e-transform elementor-widget elementor-widget-image\" data-id=\"48e2a930\" data-element_type=\"widget\" data-e-type=\"widget\" data-settings=\"{&quot;_position&quot;:&quot;absolute&quot;,&quot;_transform_rotateZ_effect&quot;:{&quot;unit&quot;:&quot;px&quot;,&quot;size&quot;:-7,&quot;sizes&quot;:[]},&quot;motion_fx_motion_fx_scrolling&quot;:&quot;yes&quot;,&quot;motion_fx_rotateZ_effect&quot;:&quot;yes&quot;,&quot;motion_fx_rotateZ_speed&quot;:{&quot;unit&quot;:&quot;px&quot;,&quot;size&quot;:0.7,&quot;sizes&quot;:[]},&quot;motion_fx_rotateZ_affectedRange&quot;:{&quot;unit&quot;:&quot;%&quot;,&quot;size&quot;:&quot;&quot;,&quot;sizes&quot;:{&quot;start&quot;:0,&quot;end&quot;:100}},&quot;motion_fx_devices&quot;:[&quot;desktop&quot;,&quot;tablet&quot;,&quot;mobile&quot;],&quot;_transform_rotateZ_effect_tablet&quot;:{&quot;unit&quot;:&quot;deg&quot;,&quot;size&quot;:&quot;&quot;,&quot;sizes&quot;:[]},&quot;_transform_rotateZ_effect_mobile&quot;:{&quot;unit&quot;:&quot;deg&quot;,&quot;size&quot;:&quot;&quot;,&quot;sizes&quot;:[]}}\" data-widget_type=\"image.default\">\n\t\t\t\t<div class=\"elementor-widget-container\">\n\t\t\t\t\t\t\t\t\t\t\t\t\t\t\t<img decoding=\"async\" width=\"1180\" height=\"2560\" src=\"https:\/\/ranchorutadelkko.nl\/wp-content\/uploads\/2024\/05\/20220831_142529-scaled.jpg\" class=\"attachment-full size-full wp-image-386\" alt=\"\" srcset=\"https:\/\/ranchorutadelkko.nl\/wp-content\/uploads\/2024\/05\/20220831_142529-scaled.jpg 1180w, https:\/\/ranchorutadelkko.nl\/wp-content\/uploads\/2024\/05\/20220831_142529-138x300.jpg 138w, https:\/\/ranchorutadelkko.nl\/wp-content\/uploads\/2024\/05\/20220831_142529-472x1024.jpg 472w, https:\/\/ranchorutadelkko.nl\/wp-content\/uploads\/2024\/05\/20220831_142529-768x1666.jpg 768w, https:\/\/ranchorutadelkko.nl\/wp-content\/uploads\/2024\/05\/20220831_142529-708x1536.jpg 708w, https:\/\/ranchorutadelkko.nl\/wp-content\/uploads\/2024\/05\/20220831_142529-944x2048.jpg 944w\" sizes=\"(max-width: 1180px) 100vw, 1180px\" \/>\t\t\t\t\t\t\t\t\t\t\t\t\t\t\t<\/div>\n\t\t\t\t<\/div>\n\t\t\t\t\t<\/div>\n\t\t<\/div>\n\t\t\t\t\t<\/div>\n\t\t<\/section>\n\t\t\t\t<section class=\"elementor-section elementor-top-section elementor-element elementor-element-4c165ed4 elementor-section-boxed elementor-section-height-default elementor-section-height-default\" data-id=\"4c165ed4\" data-element_type=\"section\" data-e-type=\"section\" data-settings=\"{&quot;background_background&quot;:&quot;classic&quot;}\">\n\t\t\t\t\t\t<div class=\"elementor-container elementor-column-gap-default\">\n\t\t\t\t\t<div class=\"elementor-column elementor-col-50 elementor-top-column elementor-element elementor-element-2a84e69c\" data-id=\"2a84e69c\" data-element_type=\"column\" data-e-type=\"column\">\n\t\t\t<div class=\"elementor-widget-wrap elementor-element-populated\">\n\t\t\t\t\t\t<div class=\"elementor-element elementor-element-5981ae56 elementor-widget elementor-widget-heading\" data-id=\"5981ae56\" data-element_type=\"widget\" data-e-type=\"widget\" data-widget_type=\"heading.default\">\n\t\t\t\t<div class=\"elementor-widget-container\">\n\t\t\t\t\t<h6 class=\"elementor-heading-title elementor-size-default\">Plantar<\/h6>\t\t\t\t<\/div>\n\t\t\t\t<\/div>\n\t\t\t\t<div class=\"elementor-element elementor-element-69a1c3f2 elementor-widget elementor-widget-heading\" data-id=\"69a1c3f2\" data-element_type=\"widget\" data-e-type=\"widget\" data-widget_type=\"heading.default\">\n\t\t\t\t<div class=\"elementor-widget-container\">\n\t\t\t\t\t<h2 class=\"elementor-heading-title elementor-size-default\">Diversidad en la plantaci\u00f3n<\/h2>\t\t\t\t<\/div>\n\t\t\t\t<\/div>\n\t\t\t\t<div class=\"elementor-element elementor-element-5f446079 e-transform elementor-widget elementor-widget-image\" data-id=\"5f446079\" data-element_type=\"widget\" data-e-type=\"widget\" data-settings=\"{&quot;_transform_rotateZ_effect&quot;:{&quot;unit&quot;:&quot;px&quot;,&quot;size&quot;:-4,&quot;sizes&quot;:[]},&quot;motion_fx_motion_fx_scrolling&quot;:&quot;yes&quot;,&quot;motion_fx_rotateZ_effect&quot;:&quot;yes&quot;,&quot;motion_fx_rotateZ_direction&quot;:&quot;negative&quot;,&quot;motion_fx_rotateZ_speed&quot;:{&quot;unit&quot;:&quot;px&quot;,&quot;size&quot;:0.5,&quot;sizes&quot;:[]},&quot;motion_fx_rotateZ_affectedRange&quot;:{&quot;unit&quot;:&quot;%&quot;,&quot;size&quot;:&quot;&quot;,&quot;sizes&quot;:{&quot;start&quot;:0,&quot;end&quot;:100}},&quot;motion_fx_devices&quot;:[&quot;desktop&quot;,&quot;tablet&quot;,&quot;mobile&quot;],&quot;_transform_rotateZ_effect_tablet&quot;:{&quot;unit&quot;:&quot;deg&quot;,&quot;size&quot;:&quot;&quot;,&quot;sizes&quot;:[]},&quot;_transform_rotateZ_effect_mobile&quot;:{&quot;unit&quot;:&quot;deg&quot;,&quot;size&quot;:&quot;&quot;,&quot;sizes&quot;:[]}}\" data-widget_type=\"image.default\">\n\t\t\t\t<div class=\"elementor-widget-container\">\n\t\t\t\t\t\t\t\t\t\t\t\t\t\t\t<img decoding=\"async\" width=\"1180\" height=\"2560\" src=\"https:\/\/ranchorutadelkko.nl\/wp-content\/uploads\/2024\/05\/20230103_152930-scaled.jpg\" class=\"attachment-full size-full wp-image-394\" alt=\"\" srcset=\"https:\/\/ranchorutadelkko.nl\/wp-content\/uploads\/2024\/05\/20230103_152930-scaled.jpg 1180w, https:\/\/ranchorutadelkko.nl\/wp-content\/uploads\/2024\/05\/20230103_152930-138x300.jpg 138w, https:\/\/ranchorutadelkko.nl\/wp-content\/uploads\/2024\/05\/20230103_152930-472x1024.jpg 472w, https:\/\/ranchorutadelkko.nl\/wp-content\/uploads\/2024\/05\/20230103_152930-768x1666.jpg 768w, https:\/\/ranchorutadelkko.nl\/wp-content\/uploads\/2024\/05\/20230103_152930-708x1536.jpg 708w, https:\/\/ranchorutadelkko.nl\/wp-content\/uploads\/2024\/05\/20230103_152930-944x2048.jpg 944w\" sizes=\"(max-width: 1180px) 100vw, 1180px\" \/>\t\t\t\t\t\t\t\t\t\t\t\t\t\t\t<\/div>\n\t\t\t\t<\/div>\n\t\t\t\t\t<\/div>\n\t\t<\/div>\n\t\t\t\t<div class=\"elementor-column elementor-col-50 elementor-top-column elementor-element elementor-element-572ff7f4\" data-id=\"572ff7f4\" data-element_type=\"column\" data-e-type=\"column\">\n\t\t\t<div class=\"elementor-widget-wrap elementor-element-populated\">\n\t\t\t\t\t\t<div class=\"elementor-element elementor-element-712faabd elementor-widget__width-auto elementor-absolute elementor-hidden-mobile elementor-widget elementor-widget-image\" data-id=\"712faabd\" data-element_type=\"widget\" data-e-type=\"widget\" data-settings=\"{&quot;_position&quot;:&quot;absolute&quot;}\" data-widget_type=\"image.default\">\n\t\t\t\t<div class=\"elementor-widget-container\">\n\t\t\t\t\t\t\t\t\t\t\t\t\t\t\t<img decoding=\"async\" src=\"https:\/\/ranchorutadelkko.nl\/wp-content\/uploads\/elementor\/thumbs\/pngimg.com-cacao_PNG2-qedhauchdho55cutdn5w1s25uhz85yypn3u77yebk0.png\" title=\"pngimg.com - cacao_PNG2\" alt=\"pngimg.com - cacao_PNG2\" loading=\"lazy\" \/>\t\t\t\t\t\t\t\t\t\t\t\t\t\t\t<\/div>\n\t\t\t\t<\/div>\n\t\t\t\t<div class=\"elementor-element elementor-element-67231e8c elementor-widget__width-auto elementor-absolute elementor-hidden-mobile elementor-hidden-tablet elementor-widget elementor-widget-image\" data-id=\"67231e8c\" data-element_type=\"widget\" data-e-type=\"widget\" data-settings=\"{&quot;_position&quot;:&quot;absolute&quot;}\" data-widget_type=\"image.default\">\n\t\t\t\t<div class=\"elementor-widget-container\">\n\t\t\t\t\t\t\t\t\t\t\t\t\t\t\t<img decoding=\"async\" src=\"https:\/\/ranchorutadelkko.nl\/wp-content\/uploads\/elementor\/thumbs\/Magnolia_soulangiana_scanned_leaves-1-qediiw27mzyv7ivh66lie5wrzivfvctw14ebtr35z4.png\" title=\"Magnolia_soulangiana_hojas_exploradas (1)\" alt=\"Magnolia_soulangiana_scanned_leaves (1)\" loading=\"lazy\" \/>\t\t\t\t\t\t\t\t\t\t\t\t\t\t\t<\/div>\n\t\t\t\t<\/div>\n\t\t\t\t<section class=\"elementor-section elementor-inner-section elementor-element elementor-element-77c53ed1 elementor-section-boxed elementor-section-height-default elementor-section-height-default\" data-id=\"77c53ed1\" data-element_type=\"section\" data-e-type=\"section\">\n\t\t\t\t\t\t<div class=\"elementor-container elementor-column-gap-default\">\n\t\t\t\t\t<div class=\"elementor-column elementor-col-100 elementor-inner-column elementor-element elementor-element-5ab8ca9c\" data-id=\"5ab8ca9c\" data-element_type=\"column\" data-e-type=\"column\">\n\t\t\t<div class=\"elementor-widget-wrap elementor-element-populated\">\n\t\t\t\t\t\t<div class=\"elementor-element elementor-element-74cc3cbb elementor-widget elementor-widget-text-editor\" data-id=\"74cc3cbb\" data-element_type=\"widget\" data-e-type=\"widget\" data-widget_type=\"text-editor.default\">\n\t\t\t\t<div class=\"elementor-widget-container\">\n\t\t\t\t\t\t\t\t\t<p>La diversidad de plantaciones es incre\u00edble. Crecen casi 100 \u00e1rboles frutales diferentes, entre ellos mangos, aguacates y todas las variedades de c\u00edtricos, pero tambi\u00e9n tamarindos, carambolas y anacardos. Adem\u00e1s, encontrar\u00e1 todo tipo de pl\u00e1tanos e incluso el m\u00e1s grande del mundo, de unos 80 cm de largo. Pero tambi\u00e9n est\u00e1 plantado con las t\u00edpicas verduras tropicales y caf\u00e9. Es demasiado para mencionarlo, realmente tiene que verlo todo usted mismo durante un paseo por la plantaci\u00f3n. El valor ecol\u00f3gico de nuestra plantaci\u00f3n es incre\u00edble y todo se cultiva de forma ecol\u00f3gica. A lo largo de la temporada, los visitantes pueden degustar las frutas disponibles y tambi\u00e9n, en la medida de lo posible, incorporamos nuestros propios productos en el almuerzo que ofrecemos.<\/p>\t\t\t\t\t\t\t\t<\/div>\n\t\t\t\t<\/div>\n\t\t\t\t\t<\/div>\n\t\t<\/div>\n\t\t\t\t\t<\/div>\n\t\t<\/section>\n\t\t\t\t\t<\/div>\n\t\t<\/div>\n\t\t\t\t\t<\/div>\n\t\t<\/section>\n\t\t\t\t<section class=\"elementor-section elementor-top-section elementor-element elementor-element-7ee348e3 elementor-section-boxed elementor-section-height-default elementor-section-height-default\" data-id=\"7ee348e3\" data-element_type=\"section\" data-e-type=\"section\">\n\t\t\t\t\t\t\t<div class=\"elementor-background-overlay\"><\/div>\n\t\t\t\t\t\t\t<div class=\"elementor-container elementor-column-gap-default\">\n\t\t\t\t\t<div class=\"elementor-column elementor-col-100 elementor-top-column elementor-element elementor-element-a4b93e3\" data-id=\"a4b93e3\" data-element_type=\"column\" data-e-type=\"column\">\n\t\t\t<div class=\"elementor-widget-wrap elementor-element-populated\">\n\t\t\t\t\t\t<section class=\"elementor-section elementor-inner-section elementor-element elementor-element-4a81bb7c elementor-section-boxed elementor-section-height-default elementor-section-height-default\" data-id=\"4a81bb7c\" data-element_type=\"section\" data-e-type=\"section\">\n\t\t\t\t\t\t<div class=\"elementor-container elementor-column-gap-default\">\n\t\t\t\t\t<div class=\"elementor-column elementor-col-100 elementor-inner-column elementor-element elementor-element-29ef36bd\" data-id=\"29ef36bd\" data-element_type=\"column\" data-e-type=\"column\">\n\t\t\t<div class=\"elementor-widget-wrap elementor-element-populated\">\n\t\t\t\t\t\t<div class=\"elementor-element elementor-element-4696c21b elementor-widget elementor-widget-heading\" data-id=\"4696c21b\" data-element_type=\"widget\" data-e-type=\"widget\" data-widget_type=\"heading.default\">\n\t\t\t\t<div class=\"elementor-widget-container\">\n\t\t\t\t\t<h6 class=\"elementor-heading-title elementor-size-default\">Rancho<\/h6>\t\t\t\t<\/div>\n\t\t\t\t<\/div>\n\t\t\t\t<div class=\"elementor-element elementor-element-4bc63d27 elementor-widget elementor-widget-heading\" data-id=\"4bc63d27\" data-element_type=\"widget\" data-e-type=\"widget\" data-widget_type=\"heading.default\">\n\t\t\t\t<div class=\"elementor-widget-container\">\n\t\t\t\t\t<h2 class=\"elementor-heading-title elementor-size-default\">\"Peque\u00f1a cita sobre el rancho\"<\/h2>\t\t\t\t<\/div>\n\t\t\t\t<\/div>\n\t\t\t\t<div class=\"elementor-element elementor-element-3df5825a elementor-widget elementor-widget-text-editor\" data-id=\"3df5825a\" data-element_type=\"widget\" data-e-type=\"widget\" data-widget_type=\"text-editor.default\">\n\t\t\t\t<div class=\"elementor-widget-container\">\n\t\t\t\t\t\t\t\t\t<p>El Rancho se construy\u00f3 con el menor impacto posible en la plantaci\u00f3n. El Rancho consta de una zona de recepci\u00f3n para los visitantes y los participantes en las excursiones en buggy. Tambi\u00e9n est\u00e1 el cobertizo para guardar los buggies Kawasaki, la cocina y los aseos y duchas. La primera actividad que ofrece nuestro Rancho es una exclusiva excursi\u00f3n en buggy todoterreno con buggies monstruosos Kawasaki. Los participantes en la excursi\u00f3n en buggy tienen la oportunidad de dar un paseo por la plantaci\u00f3n. Adem\u00e1s de la espectacular belleza de la plantaci\u00f3n, por aqu\u00ed deambulan libremente varias especies de aves de corral, como pollos, patos, pavos, gallinas y pavos reales. En el futuro, tambi\u00e9n tenemos previsto explicar y demostrar el proceso que va del grano de cacao al chocolate.<\/p>\t\t\t\t\t\t\t\t<\/div>\n\t\t\t\t<\/div>\n\t\t\t\t\t<\/div>\n\t\t<\/div>\n\t\t\t\t\t<\/div>\n\t\t<\/section>\n\t\t\t\t\t<\/div>\n\t\t<\/div>\n\t\t\t\t\t<\/div>\n\t\t<\/section>\n\t\t\t\t<\/div>","protected":false},"excerpt":{"rendered":"<p>Plantaci\u00f3n Un viaje a nuestra plantaci\u00f3n de cacao Para realizar nuestra excursi\u00f3n en buggy todoterreno en la Rep\u00fablica Dominicana, tomamos la decisi\u00f3n de crear una peque\u00f1a empresa de turismo Rancho Ruta del KKO. Empezamos a buscar un lugar adecuado, para construir nuestro Rancho. Un d\u00eda lleg\u00f3 el momento, un ...<\/p>\n<p class=\"read-more\"> <a class=\"\" href=\"https:\/\/ranchorutadelkko.nl\/es\/de-plantage\/\"> <span class=\"screen-reader-text\">La plantaci\u00f3n<\/span> Leer m\u00e1s \"<\/a><\/p>","protected":false},"author":1,"featured_media":0,"parent":0,"menu_order":0,"comment_status":"closed","ping_status":"closed","template":"","meta":{"site-sidebar-layout":"no-sidebar","site-content-layout":"","ast-site-content-layout":"full-width-container","site-content-style":"default","site-sidebar-style":"default","ast-global-header-display":"","ast-banner-title-visibility":"","ast-main-header-display":"","ast-hfb-above-header-display":"","ast-hfb-below-header-display":"","ast-hfb-mobile-header-display":"","site-post-title":"disabled","ast-breadcrumbs-content":"","ast-featured-img":"disabled","footer-sml-layout":"","theme-transparent-header-meta":"","adv-header-id-meta":"","stick-header-meta":"","header-above-stick-meta":"","header-main-stick-meta":"","header-below-stick-meta":"","astra-migrate-meta-layouts":"","ast-page-background-enabled":"default","ast-page-background-meta":{"desktop":{"background-color":"var(--ast-global-color-4)","background-image":"","background-repeat":"repeat","background-position":"center center","background-size":"auto","background-attachment":"scroll","background-type":"","background-media":"","overlay-type":"","overlay-color":"","overlay-gradient":""},"tablet":{"background-color":"","background-image":"","background-repeat":"repeat","background-position":"center center","background-size":"auto","background-attachment":"scroll","background-type":"","background-media":"","overlay-type":"","overlay-color":"","overlay-gradient":""},"mobile":{"background-color":"","background-image":"","background-repeat":"repeat","background-position":"center center","background-size":"auto","background-attachment":"scroll","background-type":"","background-media":"","overlay-type":"","overlay-color":"","overlay-gradient":""}},"ast-content-background-meta":{"desktop":{"background-color":"var(--ast-global-color-5)","background-image":"","background-repeat":"repeat","background-position":"center center","background-size":"auto","background-attachment":"scroll","background-type":"","background-media":"","overlay-type":"","overlay-color":"","overlay-gradient":""},"tablet":{"background-color":"var(--ast-global-color-5)","background-image":"","background-repeat":"repeat","background-position":"center center","background-size":"auto","background-attachment":"scroll","background-type":"","background-media":"","overlay-type":"","overlay-color":"","overlay-gradient":""},"mobile":{"background-color":"var(--ast-global-color-5)","background-image":"","background-repeat":"repeat","background-position":"center center","background-size":"auto","background-attachment":"scroll","background-type":"","background-media":"","overlay-type":"","overlay-color":"","overlay-gradient":""}},"footnotes":""},"class_list":["post-108","page","type-page","status-publish","hentry"],"_links":{"self":[{"href":"https:\/\/ranchorutadelkko.nl\/es\/wp-json\/wp\/v2\/pages\/108","targetHints":{"allow":["GET"]}}],"collection":[{"href":"https:\/\/ranchorutadelkko.nl\/es\/wp-json\/wp\/v2\/pages"}],"about":[{"href":"https:\/\/ranchorutadelkko.nl\/es\/wp-json\/wp\/v2\/types\/page"}],"author":[{"embeddable":true,"href":"https:\/\/ranchorutadelkko.nl\/es\/wp-json\/wp\/v2\/users\/1"}],"replies":[{"embeddable":true,"href":"https:\/\/ranchorutadelkko.nl\/es\/wp-json\/wp\/v2\/comments?post=108"}],"version-history":[{"count":46,"href":"https:\/\/ranchorutadelkko.nl\/es\/wp-json\/wp\/v2\/pages\/108\/revisions"}],"predecessor-version":[{"id":397,"href":"https:\/\/ranchorutadelkko.nl\/es\/wp-json\/wp\/v2\/pages\/108\/revisions\/397"}],"wp:attachment":[{"href":"https:\/\/ranchorutadelkko.nl\/es\/wp-json\/wp\/v2\/media?parent=108"}],"curies":[{"name":"wp","href":"https:\/\/api.w.org\/{rel}","templated":true}]}}